{"id":14424,"date":"2026-03-26T07:10:20","date_gmt":"2026-03-26T07:10:20","guid":{"rendered":"https:\/\/marketplaceman.shop\/?post_type=product&#038;p=14424"},"modified":"2026-03-26T07:16:46","modified_gmt":"2026-03-26T07:16:46","slug":"more-protein-proteinpulver-meets-milkshake-love-mit-bis-zu-27-g-protein-ohne-zuckerzusatz","status":"publish","type":"product","link":"https:\/\/marketplaceman.shop\/de\/produkt\/more-protein-proteinpulver-meets-milkshake-love-mit-bis-zu-27-g-protein-ohne-zuckerzusatz\/","title":{"rendered":"More Protein - Proteinpulver trifft Milchshake-Liebe mit bis zu 27 g Protein &amp; ohne Zuckerzusatz"},"content":{"rendered":"<div data-elementor-type=\"product-post\" data-elementor-id=\"14424\" class=\"elementor elementor-14424\" data-elementor-post-type=\"product\">\n\t\t\t\t<div class=\"elementor-element elementor-element-2e452ddd e-flex e-con-boxed e-con e-parent\" data-id=\"2e452ddd\" data-element_type=\"container\" data-settings=\"{&quot;ekit_has_onepagescroll_dot&quot;:&quot;yes&quot;}\">\n\t\t\t\t\t<div class=\"e-con-inner\">\n\t\t<div class=\"elementor-element elementor-element-414c54a4 e-grid e-con-full e-con e-child\" data-id=\"414c54a4\" data-element_type=\"container\" data-settings=\"{&quot;ekit_has_onepagescroll_dot&quot;:&quot;yes&quot;}\">\n\t\t\t\t<div class=\"elementor-element elementor-element-12964fb9 elementor-widget elementor-widget-video\" data-id=\"12964fb9\" data-element_type=\"widget\" data-settings=\"{&quot;video_type&quot;:&quot;hosted&quot;,&quot;controls&quot;:&quot;yes&quot;,&quot;ekit_we_effect_on&quot;:&quot;none&quot;}\" data-widget_type=\"video.default\">\n\t\t\t\t<div class=\"elementor-widget-container\">\n\t\t\t\t\t\t\t<div class=\"e-hosted-video elementor-wrapper elementor-open-inline\">\n\t\t\t\t\t<video class=\"elementor-video\" src=\"https:\/\/marketplaceman.shop\/wp-content\/uploads\/2026\/03\/video_2026-03-25_22-09-55.mp4\" controls=\"\" preload=\"metadata\" controlslist=\"nodownload\"><\/video>\n\t\t\t\t<\/div>\n\t\t\t\t\t\t<\/div>\n\t\t\t\t<\/div>\n\t\t\t\t<div class=\"elementor-element elementor-element-7a2c5e8a elementor-widget elementor-widget-text-editor\" data-id=\"7a2c5e8a\" data-element_type=\"widget\" data-settings=\"{&quot;ekit_we_effect_on&quot;:&quot;none&quot;}\" data-widget_type=\"text-editor.default\">\n\t\t\t\t<div class=\"elementor-widget-container\">\n\t\t\t\t\t\t\t\t\t<div class=\"elementor-widget-container\">\n\t\t\t\t\t\t\t\t\t# Produktdetails\n\n<div class=\"product-table\">\n  <div class=\"product-row\">\n    <div class=\"product-label\">Geschmack<\/div>\n    <div class=\"product-value\">Vanilleeis<\/div>\n  <\/div>\n  <div class=\"product-row\">\n    <div class=\"product-label\"><strong>Gewicht des Artikels<\/strong><\/div>\n    <div class=\"product-value\"><strong>600 Gramm<\/strong><\/div>\n  <\/div>\n  <div class=\"product-row\">\n    <div class=\"product-label\"><strong>Materialart frei<\/strong><\/div>\n    <div class=\"product-value\"><strong>Koffeinfrei<\/strong><\/div>\n  <\/div>\n  <div class=\"product-row\">\n    <div class=\"product-label\"><strong>Di\u00e4t Typ<\/strong><\/div>\n    <div class=\"product-value\"><strong>Vegetarisch<\/strong><\/div>\n  <\/div>\n  <div class=\"product-row\">\n    <div class=\"product-label\"><strong>Produktvorteile<\/strong><\/div>\n    <div class=\"product-value\"><strong>Wachstum der Muskeln<\/strong><\/div>\n  <\/div>\n  <div class=\"product-row\">\n    <div class=\"product-label\"><strong>Eiwei\u00dfquelle<\/strong><\/div>\n    <div class=\"product-value\"><strong>Molke<\/strong><\/div>\n  <\/div>\n  <div class=\"product-row\">\n    <div class=\"product-label\"><strong>Anzahl der Einheiten<\/strong><\/div>\n    <div class=\"product-value\"><strong>600.0 Gramm<\/strong><\/div>\n  <\/div>\n<\/div>\n\n<style>\n.product-table {\n  width: 100%;\n  border-top: 1px solid #000;\n  font-family: Arial, sans-serif;\n}\n\n.product-row {\n  display: flex;\n  border-bottom: 1px solid #000;\n  padding: 12px 0;\n}\n\n.product-label {\n  flex: 1;\n  font-weight: bold;\n  min-width: 200px;\n  padding-right: 20px;\n}\n\n.product-value {\n  flex: 1;\n  min-width: 200px;\n}\n<\/style>\t\t\t\t\t\t\t\t<\/div>\n\t\t\t\t<\/div>\n\t\t\t\t<\/div>\n\t\t\t\t\t<\/div>\n\t\t\t\t<\/div>\n\t\t<div class=\"elementor-element elementor-element-e2f3080 e-flex e-con-boxed e-con e-parent\" data-id=\"e2f3080\" data-element_type=\"container\" data-settings=\"{&quot;ekit_has_onepagescroll_dot&quot;:&quot;yes&quot;}\">\n\t\t\t\t\t<div class=\"e-con-inner\">\n\t\t<div class=\"elementor-element elementor-element-3d87a229 e-con-full e-flex e-con e-child\" data-id=\"3d87a229\" data-element_type=\"container\" data-settings=\"{&quot;ekit_has_onepagescroll_dot&quot;:&quot;yes&quot;}\">\n\t\t\t\t<div class=\"elementor-element elementor-element-1a225417 elementor-widget elementor-widget-image\" data-id=\"1a225417\" data-element_type=\"widget\" data-settings=\"{&quot;ekit_we_effect_on&quot;:&quot;none&quot;}\" data-widget_type=\"image.default\">\n\t\t\t\t<div class=\"elementor-widget-container\">\n\t\t\t\t\t\t\t\t\t\t\t\t\t\t\t<img loading=\"lazy\" decoding=\"async\" width=\"800\" height=\"800\" src=\"https:\/\/marketplaceman.shop\/wp-content\/uploads\/2026\/03\/a6699512c9a44c71871f2bf54df6ba8btplv-t5fjg24jzw-resize-jpeg_800_800-1.jpg\" class=\"attachment-large size-large wp-image-14444 wvs-archive-product-image\" alt=\"\" srcset=\"https:\/\/marketplaceman.shop\/wp-content\/uploads\/2026\/03\/a6699512c9a44c71871f2bf54df6ba8btplv-t5fjg24jzw-resize-jpeg_800_800-1.jpg 800w, https:\/\/marketplaceman.shop\/wp-content\/uploads\/2026\/03\/a6699512c9a44c71871f2bf54df6ba8btplv-t5fjg24jzw-resize-jpeg_800_800-1-300x300.jpg 300w, https:\/\/marketplaceman.shop\/wp-content\/uploads\/2026\/03\/a6699512c9a44c71871f2bf54df6ba8btplv-t5fjg24jzw-resize-jpeg_800_800-1-150x150.jpg 150w, https:\/\/marketplaceman.shop\/wp-content\/uploads\/2026\/03\/a6699512c9a44c71871f2bf54df6ba8btplv-t5fjg24jzw-resize-jpeg_800_800-1-768x768.jpg 768w, https:\/\/marketplaceman.shop\/wp-content\/uploads\/2026\/03\/a6699512c9a44c71871f2bf54df6ba8btplv-t5fjg24jzw-resize-jpeg_800_800-1-12x12.jpg 12w, https:\/\/marketplaceman.shop\/wp-content\/uploads\/2026\/03\/a6699512c9a44c71871f2bf54df6ba8btplv-t5fjg24jzw-resize-jpeg_800_800-1-600x600.jpg 600w, https:\/\/marketplaceman.shop\/wp-content\/uploads\/2026\/03\/a6699512c9a44c71871f2bf54df6ba8btplv-t5fjg24jzw-resize-jpeg_800_800-1-100x100.jpg 100w, https:\/\/marketplaceman.shop\/wp-content\/uploads\/2026\/03\/a6699512c9a44c71871f2bf54df6ba8btplv-t5fjg24jzw-resize-jpeg_800_800-1-50x50.jpg 50w, https:\/\/marketplaceman.shop\/wp-content\/uploads\/2026\/03\/a6699512c9a44c71871f2bf54df6ba8btplv-t5fjg24jzw-resize-jpeg_800_800-1-1x1.jpg 1w, https:\/\/marketplaceman.shop\/wp-content\/uploads\/2026\/03\/a6699512c9a44c71871f2bf54df6ba8btplv-t5fjg24jzw-resize-jpeg_800_800-1-10x10.jpg 10w\" sizes=\"auto, (max-width: 800px) 100vw, 800px\" \/>\t\t\t\t\t\t\t\t\t\t\t\t\t\t\t<\/div>\n\t\t\t\t<\/div>\n\t\t\t\t<div class=\"elementor-element elementor-element-11b9ec68 elementor-widget elementor-widget-image\" data-id=\"11b9ec68\" data-element_type=\"widget\" data-settings=\"{&quot;ekit_we_effect_on&quot;:&quot;none&quot;}\" data-widget_type=\"image.default\">\n\t\t\t\t<div class=\"elementor-widget-container\">\n\t\t\t\t\t\t\t\t\t\t\t\t\t\t\t<img loading=\"lazy\" decoding=\"async\" width=\"800\" height=\"800\" src=\"https:\/\/marketplaceman.shop\/wp-content\/uploads\/2026\/03\/ca7db7bbd5004446999fd7a0cf485992tplv-t5fjg24jzw-resize-jpeg_800_800-1.jpg\" class=\"attachment-full size-full wp-image-14445 wvs-archive-product-image\" alt=\"\" srcset=\"https:\/\/marketplaceman.shop\/wp-content\/uploads\/2026\/03\/ca7db7bbd5004446999fd7a0cf485992tplv-t5fjg24jzw-resize-jpeg_800_800-1.jpg 800w, https:\/\/marketplaceman.shop\/wp-content\/uploads\/2026\/03\/ca7db7bbd5004446999fd7a0cf485992tplv-t5fjg24jzw-resize-jpeg_800_800-1-300x300.jpg 300w, https:\/\/marketplaceman.shop\/wp-content\/uploads\/2026\/03\/ca7db7bbd5004446999fd7a0cf485992tplv-t5fjg24jzw-resize-jpeg_800_800-1-150x150.jpg 150w, https:\/\/marketplaceman.shop\/wp-content\/uploads\/2026\/03\/ca7db7bbd5004446999fd7a0cf485992tplv-t5fjg24jzw-resize-jpeg_800_800-1-768x768.jpg 768w, https:\/\/marketplaceman.shop\/wp-content\/uploads\/2026\/03\/ca7db7bbd5004446999fd7a0cf485992tplv-t5fjg24jzw-resize-jpeg_800_800-1-12x12.jpg 12w, https:\/\/marketplaceman.shop\/wp-content\/uploads\/2026\/03\/ca7db7bbd5004446999fd7a0cf485992tplv-t5fjg24jzw-resize-jpeg_800_800-1-600x600.jpg 600w, https:\/\/marketplaceman.shop\/wp-content\/uploads\/2026\/03\/ca7db7bbd5004446999fd7a0cf485992tplv-t5fjg24jzw-resize-jpeg_800_800-1-100x100.jpg 100w, https:\/\/marketplaceman.shop\/wp-content\/uploads\/2026\/03\/ca7db7bbd5004446999fd7a0cf485992tplv-t5fjg24jzw-resize-jpeg_800_800-1-50x50.jpg 50w, https:\/\/marketplaceman.shop\/wp-content\/uploads\/2026\/03\/ca7db7bbd5004446999fd7a0cf485992tplv-t5fjg24jzw-resize-jpeg_800_800-1-1x1.jpg 1w, https:\/\/marketplaceman.shop\/wp-content\/uploads\/2026\/03\/ca7db7bbd5004446999fd7a0cf485992tplv-t5fjg24jzw-resize-jpeg_800_800-1-10x10.jpg 10w\" sizes=\"auto, (max-width: 800px) 100vw, 800px\" \/>\t\t\t\t\t\t\t\t\t\t\t\t\t\t\t<\/div>\n\t\t\t\t<\/div>\n\t\t\t\t<div class=\"elementor-element elementor-element-2bc18b8e elementor-widget elementor-widget-image\" data-id=\"2bc18b8e\" data-element_type=\"widget\" data-settings=\"{&quot;ekit_we_effect_on&quot;:&quot;none&quot;}\" data-widget_type=\"image.default\">\n\t\t\t\t<div class=\"elementor-widget-container\">\n\t\t\t\t\t\t\t\t\t\t\t\t\t\t\t<img loading=\"lazy\" decoding=\"async\" width=\"800\" height=\"800\" src=\"https:\/\/marketplaceman.shop\/wp-content\/uploads\/2026\/03\/c85b9281ded542fc9e8ffa99120702bdtplv-t5fjg24jzw-resize-jpeg_800_800-1.jpg\" class=\"attachment-full size-full wp-image-14446 wvs-archive-product-image\" alt=\"\" srcset=\"https:\/\/marketplaceman.shop\/wp-content\/uploads\/2026\/03\/c85b9281ded542fc9e8ffa99120702bdtplv-t5fjg24jzw-resize-jpeg_800_800-1.jpg 800w, https:\/\/marketplaceman.shop\/wp-content\/uploads\/2026\/03\/c85b9281ded542fc9e8ffa99120702bdtplv-t5fjg24jzw-resize-jpeg_800_800-1-300x300.jpg 300w, https:\/\/marketplaceman.shop\/wp-content\/uploads\/2026\/03\/c85b9281ded542fc9e8ffa99120702bdtplv-t5fjg24jzw-resize-jpeg_800_800-1-150x150.jpg 150w, https:\/\/marketplaceman.shop\/wp-content\/uploads\/2026\/03\/c85b9281ded542fc9e8ffa99120702bdtplv-t5fjg24jzw-resize-jpeg_800_800-1-768x768.jpg 768w, https:\/\/marketplaceman.shop\/wp-content\/uploads\/2026\/03\/c85b9281ded542fc9e8ffa99120702bdtplv-t5fjg24jzw-resize-jpeg_800_800-1-12x12.jpg 12w, https:\/\/marketplaceman.shop\/wp-content\/uploads\/2026\/03\/c85b9281ded542fc9e8ffa99120702bdtplv-t5fjg24jzw-resize-jpeg_800_800-1-600x600.jpg 600w, https:\/\/marketplaceman.shop\/wp-content\/uploads\/2026\/03\/c85b9281ded542fc9e8ffa99120702bdtplv-t5fjg24jzw-resize-jpeg_800_800-1-100x100.jpg 100w, https:\/\/marketplaceman.shop\/wp-content\/uploads\/2026\/03\/c85b9281ded542fc9e8ffa99120702bdtplv-t5fjg24jzw-resize-jpeg_800_800-1-50x50.jpg 50w, https:\/\/marketplaceman.shop\/wp-content\/uploads\/2026\/03\/c85b9281ded542fc9e8ffa99120702bdtplv-t5fjg24jzw-resize-jpeg_800_800-1-1x1.jpg 1w, https:\/\/marketplaceman.shop\/wp-content\/uploads\/2026\/03\/c85b9281ded542fc9e8ffa99120702bdtplv-t5fjg24jzw-resize-jpeg_800_800-1-10x10.jpg 10w\" sizes=\"auto, (max-width: 800px) 100vw, 800px\" \/>\t\t\t\t\t\t\t\t\t\t\t\t\t\t\t<\/div>\n\t\t\t\t<\/div>\n\t\t\t\t<\/div>\n\t\t<div class=\"elementor-element elementor-element-27119449 e-con-full e-flex e-con e-child\" data-id=\"27119449\" data-element_type=\"container\" data-settings=\"{&quot;ekit_has_onepagescroll_dot&quot;:&quot;yes&quot;}\">\n\t\t\t\t<div class=\"elementor-element elementor-element-5d0c42dd elementor-widget elementor-widget-image\" data-id=\"5d0c42dd\" data-element_type=\"widget\" data-settings=\"{&quot;ekit_we_effect_on&quot;:&quot;none&quot;}\" data-widget_type=\"image.default\">\n\t\t\t\t<div class=\"elementor-widget-container\">\n\t\t\t\t\t\t\t\t\t\t\t\t\t\t\t<img loading=\"lazy\" decoding=\"async\" width=\"1024\" height=\"437\" src=\"https:\/\/marketplaceman.shop\/wp-content\/uploads\/2026\/03\/9b1a01ca-9652-4000-b621-3362210af4de.__CR00970300_PT0_SX970_V1___3-1024x437.jpg\" class=\"attachment-large size-large wp-image-14447 wvs-archive-product-image\" alt=\"\" srcset=\"https:\/\/marketplaceman.shop\/wp-content\/uploads\/2026\/03\/9b1a01ca-9652-4000-b621-3362210af4de.__CR00970300_PT0_SX970_V1___3-1024x437.jpg 1024w, https:\/\/marketplaceman.shop\/wp-content\/uploads\/2026\/03\/9b1a01ca-9652-4000-b621-3362210af4de.__CR00970300_PT0_SX970_V1___3-300x128.jpg 300w, https:\/\/marketplaceman.shop\/wp-content\/uploads\/2026\/03\/9b1a01ca-9652-4000-b621-3362210af4de.__CR00970300_PT0_SX970_V1___3-768x328.jpg 768w, https:\/\/marketplaceman.shop\/wp-content\/uploads\/2026\/03\/9b1a01ca-9652-4000-b621-3362210af4de.__CR00970300_PT0_SX970_V1___3-18x8.jpg 18w, https:\/\/marketplaceman.shop\/wp-content\/uploads\/2026\/03\/9b1a01ca-9652-4000-b621-3362210af4de.__CR00970300_PT0_SX970_V1___3-600x256.jpg 600w, https:\/\/marketplaceman.shop\/wp-content\/uploads\/2026\/03\/9b1a01ca-9652-4000-b621-3362210af4de.__CR00970300_PT0_SX970_V1___3-1x1.jpg 1w, https:\/\/marketplaceman.shop\/wp-content\/uploads\/2026\/03\/9b1a01ca-9652-4000-b621-3362210af4de.__CR00970300_PT0_SX970_V1___3-10x4.jpg 10w, https:\/\/marketplaceman.shop\/wp-content\/uploads\/2026\/03\/9b1a01ca-9652-4000-b621-3362210af4de.__CR00970300_PT0_SX970_V1___3.jpg 1464w\" sizes=\"auto, (max-width: 1024px) 100vw, 1024px\" \/>\t\t\t\t\t\t\t\t\t\t\t\t\t\t\t<\/div>\n\t\t\t\t<\/div>\n\t\t\t\t<\/div>\n\t\t\t\t\t<\/div>\n\t\t\t\t<\/div>\n\t\t<div class=\"elementor-element elementor-element-9cc2476 e-flex e-con-boxed e-con e-parent\" data-id=\"9cc2476\" data-element_type=\"container\" data-settings=\"{&quot;ekit_has_onepagescroll_dot&quot;:&quot;yes&quot;}\">\n\t\t\t\t\t<div class=\"e-con-inner\">\n\t\t\t\t<div class=\"elementor-element elementor-element-14593cd6 elementor-position-left elementor-vertical-align-middle elementor-widget elementor-widget-image-box\" data-id=\"14593cd6\" data-element_type=\"widget\" data-settings=\"{&quot;ekit_we_effect_on&quot;:&quot;none&quot;}\" data-widget_type=\"image-box.default\">\n\t\t\t\t<div class=\"elementor-widget-container\">\n\t\t\t\t\t<div class=\"elementor-image-box-wrapper\"><figure class=\"elementor-image-box-img\"><img loading=\"lazy\" decoding=\"async\" width=\"1500\" height=\"1500\" src=\"https:\/\/marketplaceman.shop\/wp-content\/uploads\/2026\/03\/71tM-vIGivL._AC_SL1500_.jpg\" class=\"attachment-full size-full wp-image-14448 wvs-archive-product-image\" alt=\"\" srcset=\"https:\/\/marketplaceman.shop\/wp-content\/uploads\/2026\/03\/71tM-vIGivL._AC_SL1500_.jpg 1500w, https:\/\/marketplaceman.shop\/wp-content\/uploads\/2026\/03\/71tM-vIGivL._AC_SL1500_-300x300.jpg 300w, https:\/\/marketplaceman.shop\/wp-content\/uploads\/2026\/03\/71tM-vIGivL._AC_SL1500_-1024x1024.jpg 1024w, https:\/\/marketplaceman.shop\/wp-content\/uploads\/2026\/03\/71tM-vIGivL._AC_SL1500_-150x150.jpg 150w, https:\/\/marketplaceman.shop\/wp-content\/uploads\/2026\/03\/71tM-vIGivL._AC_SL1500_-768x768.jpg 768w, https:\/\/marketplaceman.shop\/wp-content\/uploads\/2026\/03\/71tM-vIGivL._AC_SL1500_-12x12.jpg 12w, https:\/\/marketplaceman.shop\/wp-content\/uploads\/2026\/03\/71tM-vIGivL._AC_SL1500_-600x600.jpg 600w, https:\/\/marketplaceman.shop\/wp-content\/uploads\/2026\/03\/71tM-vIGivL._AC_SL1500_-100x100.jpg 100w, https:\/\/marketplaceman.shop\/wp-content\/uploads\/2026\/03\/71tM-vIGivL._AC_SL1500_-50x50.jpg 50w, https:\/\/marketplaceman.shop\/wp-content\/uploads\/2026\/03\/71tM-vIGivL._AC_SL1500_-1x1.jpg 1w, https:\/\/marketplaceman.shop\/wp-content\/uploads\/2026\/03\/71tM-vIGivL._AC_SL1500_-10x10.jpg 10w\" sizes=\"auto, (max-width: 1500px) 100vw, 1500px\" \/><\/figure><div class=\"elementor-image-box-content\"><h3 class=\"elementor-image-box-title\">Kraftpaket f\u00fcr Ihre Ziele<\/h3><p class=\"elementor-image-box-description\">Sie suchen nach einer effektiven M\u00f6glichkeit, Ihre Proteinzufuhr zu steigern? Unser Produkt vereint das Beste aus beiden Welten: hochwertiges Proteinpulver und den cremigen Genuss eines perfekten Shakes. Mit bis zu 27 Gramm Protein pro Portion liefern Sie Ihren Muskeln genau das, was sie brauchen - f\u00fcr den Sport, den Alltag oder als s\u00e4ttigende Mahlzeit zwischendurch.<\/p><\/div><\/div>\t\t\t\t<\/div>\n\t\t\t\t<\/div>\n\t\t\t\t<div class=\"elementor-element elementor-element-2e105415 elementor-position-right elementor-vertical-align-middle elementor-widget elementor-widget-image-box\" data-id=\"2e105415\" data-element_type=\"widget\" data-settings=\"{&quot;ekit_we_effect_on&quot;:&quot;none&quot;}\" data-widget_type=\"image-box.default\">\n\t\t\t\t<div class=\"elementor-widget-container\">\n\t\t\t\t\t<div class=\"elementor-image-box-wrapper\"><figure class=\"elementor-image-box-img\"><img loading=\"lazy\" decoding=\"async\" width=\"1500\" height=\"1500\" src=\"https:\/\/marketplaceman.shop\/wp-content\/uploads\/2026\/03\/81Cx11T4TL._AC_SL1500_.jpg\" class=\"attachment-full size-full wp-image-14449 wvs-archive-product-image\" alt=\"\" srcset=\"https:\/\/marketplaceman.shop\/wp-content\/uploads\/2026\/03\/81Cx11T4TL._AC_SL1500_.jpg 1500w, https:\/\/marketplaceman.shop\/wp-content\/uploads\/2026\/03\/81Cx11T4TL._AC_SL1500_-300x300.jpg 300w, https:\/\/marketplaceman.shop\/wp-content\/uploads\/2026\/03\/81Cx11T4TL._AC_SL1500_-1024x1024.jpg 1024w, https:\/\/marketplaceman.shop\/wp-content\/uploads\/2026\/03\/81Cx11T4TL._AC_SL1500_-150x150.jpg 150w, https:\/\/marketplaceman.shop\/wp-content\/uploads\/2026\/03\/81Cx11T4TL._AC_SL1500_-768x768.jpg 768w, https:\/\/marketplaceman.shop\/wp-content\/uploads\/2026\/03\/81Cx11T4TL._AC_SL1500_-12x12.jpg 12w, https:\/\/marketplaceman.shop\/wp-content\/uploads\/2026\/03\/81Cx11T4TL._AC_SL1500_-600x600.jpg 600w, https:\/\/marketplaceman.shop\/wp-content\/uploads\/2026\/03\/81Cx11T4TL._AC_SL1500_-100x100.jpg 100w, https:\/\/marketplaceman.shop\/wp-content\/uploads\/2026\/03\/81Cx11T4TL._AC_SL1500_-50x50.jpg 50w, https:\/\/marketplaceman.shop\/wp-content\/uploads\/2026\/03\/81Cx11T4TL._AC_SL1500_-1x1.jpg 1w, https:\/\/marketplaceman.shop\/wp-content\/uploads\/2026\/03\/81Cx11T4TL._AC_SL1500_-10x10.jpg 10w\" sizes=\"auto, (max-width: 1500px) 100vw, 1500px\" \/><\/figure><div class=\"elementor-image-box-content\"><h3 class=\"elementor-image-box-title\">Kein zugesetzter Zucker - reiner Geschmack<\/h3><p class=\"elementor-image-box-description\">Wir verzichten bewusst auf zugesetzten Zucker. Stattdessen setzen wir auf die nat\u00fcrliche S\u00fc\u00dfe und den vollen Geschmack unserer hochwertigen Zutaten. So genie\u00dft du einen cremigen Protein-Shake, der ohne leere Kalorien auskommt und sich perfekt in deine bewusste Ern\u00e4hrung einf\u00fcgt.<\/p><\/div><\/div>\t\t\t\t<\/div>\n\t\t\t\t<\/div>\n\t\t\t\t<div class=\"elementor-element elementor-element-5b0c2df4 elementor-position-left elementor-vertical-align-middle elementor-widget elementor-widget-image-box\" data-id=\"5b0c2df4\" data-element_type=\"widget\" data-settings=\"{&quot;ekit_we_effect_on&quot;:&quot;none&quot;}\" data-widget_type=\"image-box.default\">\n\t\t\t\t<div class=\"elementor-widget-container\">\n\t\t\t\t\t<div class=\"elementor-image-box-wrapper\"><figure class=\"elementor-image-box-img\"><img loading=\"lazy\" decoding=\"async\" width=\"1500\" height=\"1500\" src=\"https:\/\/marketplaceman.shop\/wp-content\/uploads\/2026\/03\/71qftEQsrPL._AC_SL1500_.jpg\" class=\"attachment-full size-full wp-image-14450 wvs-archive-product-image\" alt=\"\" srcset=\"https:\/\/marketplaceman.shop\/wp-content\/uploads\/2026\/03\/71qftEQsrPL._AC_SL1500_.jpg 1500w, https:\/\/marketplaceman.shop\/wp-content\/uploads\/2026\/03\/71qftEQsrPL._AC_SL1500_-300x300.jpg 300w, https:\/\/marketplaceman.shop\/wp-content\/uploads\/2026\/03\/71qftEQsrPL._AC_SL1500_-1024x1024.jpg 1024w, https:\/\/marketplaceman.shop\/wp-content\/uploads\/2026\/03\/71qftEQsrPL._AC_SL1500_-150x150.jpg 150w, https:\/\/marketplaceman.shop\/wp-content\/uploads\/2026\/03\/71qftEQsrPL._AC_SL1500_-768x768.jpg 768w, https:\/\/marketplaceman.shop\/wp-content\/uploads\/2026\/03\/71qftEQsrPL._AC_SL1500_-12x12.jpg 12w, https:\/\/marketplaceman.shop\/wp-content\/uploads\/2026\/03\/71qftEQsrPL._AC_SL1500_-600x600.jpg 600w, https:\/\/marketplaceman.shop\/wp-content\/uploads\/2026\/03\/71qftEQsrPL._AC_SL1500_-100x100.jpg 100w, https:\/\/marketplaceman.shop\/wp-content\/uploads\/2026\/03\/71qftEQsrPL._AC_SL1500_-50x50.jpg 50w, https:\/\/marketplaceman.shop\/wp-content\/uploads\/2026\/03\/71qftEQsrPL._AC_SL1500_-1x1.jpg 1w, https:\/\/marketplaceman.shop\/wp-content\/uploads\/2026\/03\/71qftEQsrPL._AC_SL1500_-10x10.jpg 10w\" sizes=\"auto, (max-width: 1500px) 100vw, 1500px\" \/><\/figure><div class=\"elementor-image-box-content\"><h3 class=\"elementor-image-box-title\">Einfach zubereitet, vielf\u00e4ltig einsetzbar<\/h3><p class=\"elementor-image-box-description\">Ob pur mit Wasser oder Milch, als Basis f\u00fcr Ihre eigenen Smoothie-Kreationen oder als Zutat in Ihren Lieblingsrezepten - unser Protein-Shake l\u00e4sst sich m\u00fchelos in Ihren Alltag integrieren. In wenigen Sekunden zauberst du dir einen n\u00e4hrstoffreichen Begleiter, der dich unterst\u00fctzt, ohne Kompromisse bei Geschmack und Qualit\u00e4t einzugehen.<\/p><\/div><\/div>\t\t\t\t<\/div>\n\t\t\t\t<\/div>\n\t\t\t\t\t<\/div>\n\t\t\t\t<\/div>\n\t\t\t\t<\/div>","protected":false},"excerpt":{"rendered":"<h1 class=\"a-size-base-plus a-text-bold\">\u00dcber diesen Artikel<\/h1>\n<ul class=\"a-unordered-list a-vertical a-spacing-mini\">\n<li class=\"a-spacing-mini\"><span class=\"a-list-item\">Guter Gedanke: Ganz gleich, welches Ziel Sie verfolgen, unser Total Protein unterst\u00fctzt Ihren K\u00f6rper beim Muskelaufbau und verhindert den Muskelabbau<\/span><\/li>\n<li class=\"a-spacing-mini\"><span class=\"a-list-item\">PERFEKT INTEGRIERT: Die Kombination aus Whey und Casein versorgt Ihre Muskeln stundenlang mit hochwertigem Protein und reduziert den Widerstand<\/span><\/li>\n<\/ul>","protected":false},"featured_media":14430,"comment_status":"open","ping_status":"closed","template":"","meta":{"_acf_changed":false},"etheme_brands":[],"product_brand":[],"product_cat":[127,118],"product_tag":[],"class_list":{"0":"post-14424","1":"product","2":"type-product","3":"status-publish","4":"has-post-thumbnail","6":"product_cat-dao","7":"product_cat-sale-shop","9":"first","10":"instock","11":"sale","12":"shipping-taxable","13":"purchasable","14":"product-type-variable","15":"has-default-attributes","16":"wvs-archive-product-wrapper"},"acf":[],"_links":{"self":[{"href":"https:\/\/marketplaceman.shop\/de\/wp-json\/wp\/v2\/product\/14424","targetHints":{"allow":["GET"]}}],"collection":[{"href":"https:\/\/marketplaceman.shop\/de\/wp-json\/wp\/v2\/product"}],"about":[{"href":"https:\/\/marketplaceman.shop\/de\/wp-json\/wp\/v2\/types\/product"}],"replies":[{"embeddable":true,"href":"https:\/\/marketplaceman.shop\/de\/wp-json\/wp\/v2\/comments?post=14424"}],"version-history":[{"count":4,"href":"https:\/\/marketplaceman.shop\/de\/wp-json\/wp\/v2\/product\/14424\/revisions"}],"predecessor-version":[{"id":14458,"href":"https:\/\/marketplaceman.shop\/de\/wp-json\/wp\/v2\/product\/14424\/revisions\/14458"}],"wp:featuredmedia":[{"embeddable":true,"href":"https:\/\/marketplaceman.shop\/de\/wp-json\/wp\/v2\/media\/14430"}],"wp:attachment":[{"href":"https:\/\/marketplaceman.shop\/de\/wp-json\/wp\/v2\/media?parent=14424"}],"wp:term":[{"taxonomy":"brand","embeddable":true,"href":"https:\/\/marketplaceman.shop\/de\/wp-json\/wp\/v2\/etheme_brands?post=14424"},{"taxonomy":"product_brand","embeddable":true,"href":"https:\/\/marketplaceman.shop\/de\/wp-json\/wp\/v2\/product_brand?post=14424"},{"taxonomy":"product_cat","embeddable":true,"href":"https:\/\/marketplaceman.shop\/de\/wp-json\/wp\/v2\/product_cat?post=14424"},{"taxonomy":"product_tag","embeddable":true,"href":"https:\/\/marketplaceman.shop\/de\/wp-json\/wp\/v2\/product_tag?post=14424"}],"curies":[{"name":"wp","href":"https:\/\/api.w.org\/{rel}","templated":true}]}}